{"id":11,"date":"2016-11-29T18:57:37","date_gmt":"2016-11-29T17:57:37","guid":{"rendered":"http:\/\/localhost\/jokermusik\/?page_id=11"},"modified":"2018-07-19T08:38:41","modified_gmt":"2018-07-19T07:38:41","slug":"referenzen","status":"publish","type":"page","link":"https:\/\/jokermusik.de\/?page_id=11","title":{"rendered":"Informationen"},"content":{"rendered":"<h4>Informationen rund um die Musik&#8230;<\/h4>\n<p>Aufgrund gesetzlicher Bestimmungen kann ich Ihnen hier keine Demos oder H\u00f6rproben anbieten.<\/p>\n<p>Gerne lade ich Sie aber zu mir in den Proberaum ein damit Sie sich pers\u00f6nlich einen Eindruck schaffen k\u00f6nnen.<\/p>\n<p>&nbsp;<\/p>\n<p>Generell ist mein Wirkungskreis im Hegau bis hin zum Bodensee in Richtung Konstanz sowie im s\u00fcdlichen Schwarzwald.<\/p>\n<p>Auch gr\u00f6\u00dfere Entfernungen stellen kein Problem dar, fragen Sie mich einfach an.<\/p>\n<p>&nbsp;<\/p>\n<p>Gerne beantworte ich Ihre weiteren Fragen auch per Telefon unter 0172\/7190313 oder per E-Mail an j.kern@jokermusik.de<\/p>\n<p>&nbsp;<\/p>\n","protected":false},"excerpt":{"rendered":"<p>Informationen rund um die Musik&#8230; Aufgrund gesetzlicher Bestimmungen kann ich Ihnen hier keine Demos oder H\u00f6rproben anbieten. Gerne lade ich Sie aber zu mir in den Proberaum ein damit Sie sich pers\u00f6nlich einen Eindruck schaffen k\u00f6nnen. &nbsp; Generell ist mein Wirkungskreis im Hegau bis hin zum Bodensee in Richtung Konstanz sowie im s\u00fcdlichen Schwarzwald. Auch&hellip; <a href=\"https:\/\/jokermusik.de\/?page_id=11\" class=\"read-more\">Continue reading Informationen<\/a><\/p>\n","protected":false},"author":1,"featured_media":0,"parent":0,"menu_order":0,"comment_status":"closed","ping_status":"closed","template":"","meta":{"footnotes":""},"class_list":["post-11","page","type-page","status-publish","hentry"],"_links":{"self":[{"href":"https:\/\/jokermusik.de\/index.php?rest_route=\/wp\/v2\/pages\/11","targetHints":{"allow":["GET"]}}],"collection":[{"href":"https:\/\/jokermusik.de\/index.php?rest_route=\/wp\/v2\/pages"}],"about":[{"href":"https:\/\/jokermusik.de\/index.php?rest_route=\/wp\/v2\/types\/page"}],"author":[{"embeddable":true,"href":"https:\/\/jokermusik.de\/index.php?rest_route=\/wp\/v2\/users\/1"}],"replies":[{"embeddable":true,"href":"https:\/\/jokermusik.de\/index.php?rest_route=%2Fwp%2Fv2%2Fcomments&post=11"}],"version-history":[{"count":2,"href":"https:\/\/jokermusik.de\/index.php?rest_route=\/wp\/v2\/pages\/11\/revisions"}],"predecessor-version":[{"id":343,"href":"https:\/\/jokermusik.de\/index.php?rest_route=\/wp\/v2\/pages\/11\/revisions\/343"}],"wp:attachment":[{"href":"https:\/\/jokermusik.de\/index.php?rest_route=%2Fwp%2Fv2%2Fmedia&parent=11"}],"curies":[{"name":"wp","href":"https:\/\/api.w.org\/{rel}","templated":true}]}}