{"id":209,"date":"2017-04-12T15:09:02","date_gmt":"2017-04-12T14:09:02","guid":{"rendered":"http:\/\/jokermusik.de\/?page_id=209"},"modified":"2023-12-07T14:25:16","modified_gmt":"2023-12-07T13:25:16","slug":"kontakt","status":"publish","type":"page","link":"https:\/\/jokermusik.de\/?page_id=209","title":{"rendered":"Johannes &#038; der Hufschmied"},"content":{"rendered":"<p><img loading=\"lazy\" decoding=\"async\" class=\" wp-image-358 alignleft\" src=\"https:\/\/jokermusik.de\/wp-content\/uploads\/2018\/10\/JM1.jpg\" alt=\"\" width=\"306\" height=\"700\" srcset=\"https:\/\/jokermusik.de\/wp-content\/uploads\/2018\/10\/JM1.jpg 331w, https:\/\/jokermusik.de\/wp-content\/uploads\/2018\/10\/JM1-131x300.jpg 131w\" sizes=\"auto, (max-width: 306px) 100vw, 306px\" \/><\/p>\n<p>Auf einer Familienfeier vor \u00fcber 15 Jahren war auch Markus Hildebrand,<\/p>\n<p>der singende Hufschmied unter den G\u00e4sten.<\/p>\n<p>Er, der davor seit Jahren keine \u00f6ffentlichen Auftritte mehr gemacht hatte<\/p>\n<p>war sofort von der Musik begeistert und sang, ohne vorher je geprobt zu haben, mit.<\/p>\n<p>Die Chemie zwischen uns stimmte sofort<\/p>\n<p>und weitere G\u00e4ste fragten sogar wie lange wir schon zusammen musizieren.<\/p>\n<p>Ab diesem Zeitpunkt war es soweit,<\/p>\n<p>wir beschlossen dies \u00f6fter zu machen und haben uns zum Proben getroffen.<\/p>\n<p>Seither stehen wir als Duo f\u00fcr Ihre Feierlichkeit zur Verf\u00fcgung.<\/p>\n<p><img loading=\"lazy\" decoding=\"async\" class=\"alignnone wp-image-325\" src=\"https:\/\/jokermusik.de\/wp-content\/uploads\/2018\/05\/MJ1.jpeg\" alt=\"\" width=\"582\" height=\"358\" srcset=\"https:\/\/jokermusik.de\/wp-content\/uploads\/2018\/05\/MJ1.jpeg 871w, https:\/\/jokermusik.de\/wp-content\/uploads\/2018\/05\/MJ1-300x185.jpeg 300w, https:\/\/jokermusik.de\/wp-content\/uploads\/2018\/05\/MJ1-768x473.jpeg 768w\" sizes=\"auto, (max-width: 582px) 100vw, 582px\" \/><\/p>\n","protected":false},"excerpt":{"rendered":"<p>Auf einer Familienfeier vor \u00fcber 15 Jahren war auch Markus Hildebrand, der singende Hufschmied unter den G\u00e4sten. Er, der davor seit Jahren keine \u00f6ffentlichen Auftritte mehr gemacht hatte war sofort von der Musik begeistert und sang, ohne vorher je geprobt zu haben, mit. Die Chemie zwischen uns stimmte sofort und weitere G\u00e4ste fragten sogar wie&hellip; <a href=\"https:\/\/jokermusik.de\/?page_id=209\" class=\"read-more\">Continue reading Johannes &#038; der Hufschmied<\/a><\/p>\n","protected":false},"author":1,"featured_media":0,"parent":0,"menu_order":0,"comment_status":"closed","ping_status":"closed","template":"","meta":{"footnotes":""},"class_list":["post-209","page","type-page","status-publish","hentry"],"_links":{"self":[{"href":"https:\/\/jokermusik.de\/index.php?rest_route=\/wp\/v2\/pages\/209","targetHints":{"allow":["GET"]}}],"collection":[{"href":"https:\/\/jokermusik.de\/index.php?rest_route=\/wp\/v2\/pages"}],"about":[{"href":"https:\/\/jokermusik.de\/index.php?rest_route=\/wp\/v2\/types\/page"}],"author":[{"embeddable":true,"href":"https:\/\/jokermusik.de\/index.php?rest_route=\/wp\/v2\/users\/1"}],"replies":[{"embeddable":true,"href":"https:\/\/jokermusik.de\/index.php?rest_route=%2Fwp%2Fv2%2Fcomments&post=209"}],"version-history":[{"count":10,"href":"https:\/\/jokermusik.de\/index.php?rest_route=\/wp\/v2\/pages\/209\/revisions"}],"predecessor-version":[{"id":526,"href":"https:\/\/jokermusik.de\/index.php?rest_route=\/wp\/v2\/pages\/209\/revisions\/526"}],"wp:attachment":[{"href":"https:\/\/jokermusik.de\/index.php?rest_route=%2Fwp%2Fv2%2Fmedia&parent=209"}],"curies":[{"name":"wp","href":"https:\/\/api.w.org\/{rel}","templated":true}]}}