{"id":37,"date":"2016-11-29T19:47:34","date_gmt":"2016-11-29T18:47:34","guid":{"rendered":"http:\/\/localhost\/jokermusik\/?page_id=37"},"modified":"2025-05-15T11:52:46","modified_gmt":"2025-05-15T10:52:46","slug":"willkommen","status":"publish","type":"page","link":"https:\/\/jokermusik.de\/","title":{"rendered":"Willkommen"},"content":{"rendered":"<p><img loading=\"lazy\" decoding=\"async\" class=\"wp-image-598  alignleft\" src=\"https:\/\/jokermusik.de\/wp-content\/uploads\/2025\/05\/20250514_184338-225x300.png\" alt=\"\" width=\"264\" height=\"352\" srcset=\"https:\/\/jokermusik.de\/wp-content\/uploads\/2025\/05\/20250514_184338-225x300.png 225w, https:\/\/jokermusik.de\/wp-content\/uploads\/2025\/05\/20250514_184338-768x1024.png 768w, https:\/\/jokermusik.de\/wp-content\/uploads\/2025\/05\/20250514_184338-1152x1536.png 1152w, https:\/\/jokermusik.de\/wp-content\/uploads\/2025\/05\/20250514_184338.png 1440w\" sizes=\"auto, (max-width: 264px) 100vw, 264px\" \/><\/p>\n<h6><\/h6>\n<p>&nbsp;<\/p>\n<p>Als Alleinunterhalter f\u00fcr Feste und Feiern aller Art,m\u00f6chte ich Sie gerne auch online mit allen Informationen rund um mein Angebot f\u00fcr Tanz und Unterhaltungsmusik versorgen.<\/p>\n<p><span style=\"font-size: medium;\">Seit 1998 bin ich als Alleinunterhalter mit meinem Keyboard unterwegs.<br \/>\n<\/span><\/p>\n<p><span style=\"font-size: medium;\">Sie k\u00f6nnen mich f\u00fcr Hochzeiten, Geburtstage, Stra\u00dfen- und Dorffeste, Weinfeste, Betriebsfeiern, Weihnachtsfeiern, usw.\u00a0sowie zu allen Veranstaltungen buchen.<\/span><\/p>\n","protected":false},"excerpt":{"rendered":"<p>&nbsp; Als Alleinunterhalter f\u00fcr Feste und Feiern aller Art,m\u00f6chte ich Sie gerne auch online mit allen Informationen rund um mein Angebot f\u00fcr Tanz und Unterhaltungsmusik versorgen. Seit 1998 bin ich als Alleinunterhalter mit meinem Keyboard unterwegs. Sie k\u00f6nnen mich f\u00fcr Hochzeiten, Geburtstage, Stra\u00dfen- und Dorffeste, Weinfeste, Betriebsfeiern, Weihnachtsfeiern, usw.\u00a0sowie zu allen Veranstaltungen buchen.<\/p>\n","protected":false},"author":1,"featured_media":0,"parent":0,"menu_order":0,"comment_status":"closed","ping_status":"closed","template":"","meta":{"footnotes":""},"class_list":["post-37","page","type-page","status-publish","hentry"],"_links":{"self":[{"href":"https:\/\/jokermusik.de\/index.php?rest_route=\/wp\/v2\/pages\/37","targetHints":{"allow":["GET"]}}],"collection":[{"href":"https:\/\/jokermusik.de\/index.php?rest_route=\/wp\/v2\/pages"}],"about":[{"href":"https:\/\/jokermusik.de\/index.php?rest_route=\/wp\/v2\/types\/page"}],"author":[{"embeddable":true,"href":"https:\/\/jokermusik.de\/index.php?rest_route=\/wp\/v2\/users\/1"}],"replies":[{"embeddable":true,"href":"https:\/\/jokermusik.de\/index.php?rest_route=%2Fwp%2Fv2%2Fcomments&post=37"}],"version-history":[{"count":8,"href":"https:\/\/jokermusik.de\/index.php?rest_route=\/wp\/v2\/pages\/37\/revisions"}],"predecessor-version":[{"id":602,"href":"https:\/\/jokermusik.de\/index.php?rest_route=\/wp\/v2\/pages\/37\/revisions\/602"}],"wp:attachment":[{"href":"https:\/\/jokermusik.de\/index.php?rest_route=%2Fwp%2Fv2%2Fmedia&parent=37"}],"curies":[{"name":"wp","href":"https:\/\/api.w.org\/{rel}","templated":true}]}}