{"id":7,"date":"2016-11-29T18:55:45","date_gmt":"2016-11-29T17:55:45","guid":{"rendered":"http:\/\/localhost\/jokermusik\/?page_id=7"},"modified":"2017-04-12T14:59:46","modified_gmt":"2017-04-12T13:59:46","slug":"mein-repertoire","status":"publish","type":"page","link":"https:\/\/jokermusik.de\/?page_id=7","title":{"rendered":"Mein Repertoire"},"content":{"rendered":"<p><span style=\"font-size: medium;\"><b><img loading=\"lazy\" decoding=\"async\" class=\"wp-image-87 alignright\" src=\"https:\/\/jokermusik.de\/wp-content\/uploads\/2017\/01\/jokermusik-f\u00fcr-jung-und-alt.jpg\" width=\"499\" height=\"256\" srcset=\"https:\/\/jokermusik.de\/wp-content\/uploads\/2017\/01\/jokermusik-f\u00fcr-jung-und-alt.jpg 857w, https:\/\/jokermusik.de\/wp-content\/uploads\/2017\/01\/jokermusik-f\u00fcr-jung-und-alt-300x154.jpg 300w, https:\/\/jokermusik.de\/wp-content\/uploads\/2017\/01\/jokermusik-f\u00fcr-jung-und-alt-768x393.jpg 768w\" sizes=\"auto, (max-width: 499px) 100vw, 499px\" \/><br \/>\nDeutsche Tanz und Unterhaltungsmusik<br \/>\nStimmungshits<br \/>\nSchlager<br \/>\naktuelle Hits aus den Charts<br \/>\nOldies und Evergreens<br \/>\nVolkst\u00fcmliche Musik<\/b><\/span><\/p>\n<p><span style=\"font-size: medium;\">Bei allen Veranstaltungen lege ich besonderen Wert auf angepasste Lautst\u00e4rke, um m\u00f6glichst alle Generationen ob alt oder jung musikalisch zufrieden zu stellen. Es steht Ihnen bei jeder Veranstaltung ein Funkmikrofon zur Verf\u00fcgung,\u00a0<\/span><span style=\"font-size: medium;\">das abspielen von USB Sticks ist ebenfalls m\u00f6glich.<br \/>\n<\/span><span style=\"font-size: medium;\">Weitere Ger\u00e4te und M\u00f6glichkeiten nach Absprache.<\/span><\/p>\n","protected":false},"excerpt":{"rendered":"<p>Deutsche Tanz und Unterhaltungsmusik Stimmungshits Schlager aktuelle Hits aus den Charts Oldies und Evergreens Volkst\u00fcmliche Musik Bei allen Veranstaltungen lege ich besonderen Wert auf angepasste Lautst\u00e4rke, um m\u00f6glichst alle Generationen ob alt oder jung musikalisch zufrieden zu stellen. Es steht Ihnen bei jeder Veranstaltung ein Funkmikrofon zur Verf\u00fcgung,\u00a0das abspielen von USB Sticks ist ebenfalls m\u00f6glich.&hellip; <a href=\"https:\/\/jokermusik.de\/?page_id=7\" class=\"read-more\">Continue reading Mein Repertoire<\/a><\/p>\n","protected":false},"author":1,"featured_media":0,"parent":0,"menu_order":0,"comment_status":"closed","ping_status":"closed","template":"","meta":{"footnotes":""},"class_list":["post-7","page","type-page","status-publish","hentry"],"_links":{"self":[{"href":"https:\/\/jokermusik.de\/index.php?rest_route=\/wp\/v2\/pages\/7","targetHints":{"allow":["GET"]}}],"collection":[{"href":"https:\/\/jokermusik.de\/index.php?rest_route=\/wp\/v2\/pages"}],"about":[{"href":"https:\/\/jokermusik.de\/index.php?rest_route=\/wp\/v2\/types\/page"}],"author":[{"embeddable":true,"href":"https:\/\/jokermusik.de\/index.php?rest_route=\/wp\/v2\/users\/1"}],"replies":[{"embeddable":true,"href":"https:\/\/jokermusik.de\/index.php?rest_route=%2Fwp%2Fv2%2Fcomments&post=7"}],"version-history":[{"count":14,"href":"https:\/\/jokermusik.de\/index.php?rest_route=\/wp\/v2\/pages\/7\/revisions"}],"predecessor-version":[{"id":201,"href":"https:\/\/jokermusik.de\/index.php?rest_route=\/wp\/v2\/pages\/7\/revisions\/201"}],"wp:attachment":[{"href":"https:\/\/jokermusik.de\/index.php?rest_route=%2Fwp%2Fv2%2Fmedia&parent=7"}],"curies":[{"name":"wp","href":"https:\/\/api.w.org\/{rel}","templated":true}]}}